{"id":6,"date":"2011-04-27T07:51:36","date_gmt":"2011-04-27T07:51:36","guid":{"rendered":"http:\/\/saaj.fr\/?page_id=6"},"modified":"2023-04-26T15:12:21","modified_gmt":"2023-04-26T15:12:21","slug":"theatre-dentreprise","status":"publish","type":"page","link":"https:\/\/saaj.fr\/?page_id=6","title":{"rendered":"Th\u00e9\u00e2tre d&rsquo;entreprise"},"content":{"rendered":"\t\t<div data-elementor-type=\"wp-page\" data-elementor-id=\"6\" class=\"elementor elementor-6\">\n\t\t\t\t\t\t<section class=\"elementor-section elementor-top-section elementor-element elementor-element-65522973 elementor-section-boxed elementor-section-height-default elementor-section-height-default\" data-id=\"65522973\" data-element_type=\"section\">\n\t\t\t\t\t\t<div class=\"elementor-container elementor-column-gap-default\">\n\t\t\t\t\t<div class=\"elementor-column elementor-col-100 elementor-top-column elementor-element elementor-element-1c353670\" data-id=\"1c353670\" data-element_type=\"column\">\n\t\t\t<div class=\"elementor-widget-wrap elementor-element-populated\">\n\t\t\t\t\t\t<div class=\"elementor-element elementor-element-8b457c9 elementor-widget elementor-widget-wpzoom-elementor-addons-slider\" data-id=\"8b457c9\" data-element_type=\"widget\" data-settings=\"{&quot;animation_speed&quot;:300,&quot;autoplay&quot;:&quot;yes&quot;,&quot;autoplay_speed&quot;:3000,&quot;loop&quot;:&quot;yes&quot;,&quot;slides_to_show&quot;:1,&quot;slides_to_show_tablet&quot;:1,&quot;slides_to_show_mobile&quot;:1,&quot;navigation&quot;:&quot;arrow&quot;}\" data-widget_type=\"wpzoom-elementor-addons-slider.default\">\n\t\t\t\t<div class=\"elementor-widget-container\">\n\t\t\t\t\t<div class=\"wpzjs-slick wpz-slick wpz-slick--slider\">\n\n\t\t\t\n\t\t\t\t<div class=\"wpz-slick-slide\">\n\n\t\t\t\t\t<div class=\"wpz-slick-item\">\n\n\t\t\t\t\t\t\t\t\t\t\t\t\t<img decoding=\"async\" class=\"wpz-slick-img\" src=\"https:\/\/saaj.fr\/wp-content\/uploads\/2022\/01\/character-430539-2000x1333.jpg\" alt=\"\">\n\t\t\t\t\t\t\n\t\t\t\t\t\t\n\t\t\t\t\t\t\n\t\t\t\t\t<\/div>\n\n\t\t\t\t<\/div>\n\n\t\t\t\n\t\t\t\t<div class=\"wpz-slick-slide\">\n\n\t\t\t\t\t<div class=\"wpz-slick-item\">\n\n\t\t\t\t\t\t\t\t\t\t\t\t\t<img decoding=\"async\" class=\"wpz-slick-img\" src=\"https:\/\/saaj.fr\/wp-content\/uploads\/2022\/01\/theatre-1477670-2000x1325.jpg\" alt=\"\">\n\t\t\t\t\t\t\n\t\t\t\t\t\t\n\t\t\t\t\t\t\n\t\t\t\t\t<\/div>\n\n\t\t\t\t<\/div>\n\n\t\t\t\n\t\t<\/div>\n\n\t\t\t\t\t<button type=\"button\" class=\"slick-prev\"><i aria-hidden=\"true\" class=\"fas fa-chevron-left\"><\/i><\/button>\n\t\t\n\t\t\t\t\t<button type=\"button\" class=\"slick-next\"><i aria-hidden=\"true\" class=\"fas fa-chevron-right\"><\/i><\/button>\n\t\t\n\t\t\t\t\t\t<\/div>\n\t\t\t\t<\/div>\n\t\t\t\t<div class=\"elementor-element elementor-element-2d1c63c5 elementor-widget elementor-widget-text-editor\" data-id=\"2d1c63c5\" data-element_type=\"widget\" data-widget_type=\"text-editor.default\">\n\t\t\t\t<div class=\"elementor-widget-container\">\n\t\t\t\t\t\t\t\t\t<p><strong>L\u2019humour et le th\u00e9\u00e2tre am\u00e8nent une distanciation qui permet de faire passer des messages forts.<br \/>SAAJ vous cr\u00e9e un sc\u00e9nario sur mesure, p\u00e9dagogique et ludique, adapt\u00e9 \u00e0 votre contexte professionnel.<\/strong><br \/><strong><br \/>Dans quel but\u00a0 ?<\/strong><br \/>Renforcer la coh\u00e9sion, cr\u00e9er une \u00e9mulation, f\u00e9d\u00e9rer vos \u00e9quipes<br \/>Transmettre des messages, r\u00e9pondre \u00e0 une probl\u00e9matique m\u00e9tier<br \/>Susciter l&rsquo;adh\u00e9sion, permettre une prise de conscience<br \/>Favoriser des changements, ouvrir un d\u00e9bat<br \/>Divertir, marquer les esprits , clore un s\u00e9minaire de fa\u00e7on originale<\/p><p><strong>Sous quel format ?<\/strong><br \/>Un spectacle, des sayn\u00e8tes, une pr\u00e9sentation sc\u00e9naris\u00e9e ou un dispositif de formation participatif.<\/p><p style=\"text-align: justify;\"><strong>\u00c0 quelle occasion ?<\/strong><br \/>Pour vos actions de formation, conf\u00e9rences, conventions, s\u00e9minaires, soir\u00e9es\u2026<\/p><p>Pour vous aider \u00e0 d\u00e9finir votre projet, n&rsquo;h\u00e9sitez pas \u00e0 nous contacter.<br \/><a title=\"Contact\" href=\"https:\/\/saaj.fr\/?page_id=13\">&gt;&gt;&gt; Contactez SAAJ<\/a><\/p><p>Exemple : \u00ab\u00a0Avant j&rsquo;\u00e9tais vieux\u00a0\u00bb est un spectacle cr\u00e9\u00e9 en 2017 et qui tourne depuis 5 ans. Plus de 100 repr\u00e9sentations ont eu lieu en Nouvelle Aquitaine et Bourgogne Franche Comt\u00e9.<\/p><p>\u00a0<br \/><iframe title=\"YouTube video player\" src=\"https:\/\/www.youtube.com\/embed\/KmDSoiXvxBs\" width=\"560\" height=\"315\" frameborder=\"0\" allowfullscreen=\"allowfullscreen\"><\/iframe>Plus d&rsquo;infos <a href=\"https:\/\/gironde.msa.fr\/lfp\/theatre-vieux\">ici<\/a> ou <a href=\"https:\/\/www.avantjetaisvieux.fr\/\">l\u00e0<\/a><br \/>On en parle dans l&rsquo;<a href=\"https:\/\/www.lexpress.fr\/styles\/avant-j-etais-vieux-le-bien-vieillir-brule-les-planches-en-tournee_1990043.html\">Express<\/a><\/p><blockquote><p>Autres t\u00e9moignages d&rsquo;un spectacle satire de la relation client :<\/p><p>\u00ab\u00a0C&rsquo;\u00e9tait tr\u00e8s int\u00e9ressant de d\u00e9couvrir la perception des nos m\u00e9tiers \u00e0 travers les yeux de personnes ext\u00e9rieures. Les acteurs de la troupe th\u00e9\u00e2trale ont su mettre l&rsquo;accent, avec humour, parfois caustique, sur ce qui pourrait d\u00e9ranger nos clients dans certains de nos comportements, certaines de nos attitudes.\u00a0\u00bb<br \/>Collaborateur PSC Strasbourg Soci\u00e9t\u00e9 G\u00e9n\u00e9rale<\/p><p>\u00ab\u00a0Les com\u00e9diens ont parfaitement r\u00e9pondu \u00e0 notre demande. Avec un grand sens de l&rsquo;humour, ils ont mis en relief certains dysfonctionnements dans notre relation client, ce qui aura sans aucun doute des effets sur nos pratiques.\u00a0\u00bb<br \/>Collaborateur DEC Besan\u00e7on Soci\u00e9t\u00e9 G\u00e9n\u00e9rale<\/p><\/blockquote>\t\t\t\t\t\t\t\t<\/div>\n\t\t\t\t<\/div>\n\t\t\t\t\t<\/div>\n\t\t<\/div>\n\t\t\t\t\t<\/div>\n\t\t<\/section>\n\t\t\t\t<\/div>\n\t\t","protected":false},"excerpt":{"rendered":"<p>L\u2019humour et le th\u00e9\u00e2tre am\u00e8nent une distanciation qui permet de faire passer des messages forts.SAAJ vous cr\u00e9e un sc\u00e9nario sur mesure, p\u00e9dagogique et ludique, adapt\u00e9 \u00e0 votre contexte professionnel.Dans quel but\u00a0 ?Renforcer la coh\u00e9sion, cr\u00e9er une \u00e9mulation, f\u00e9d\u00e9rer vos \u00e9quipesTransmettre des messages, r\u00e9pondre \u00e0 une probl\u00e9matique m\u00e9tierSusciter l&rsquo;adh\u00e9sion, permettre une prise de conscienceFavoriser des changements, &hellip; <\/p>\n<p class=\"link-more\"><a href=\"https:\/\/saaj.fr\/?page_id=6\" class=\"more-link\">Lire la suite de<span class=\"screen-reader-text\">\u00ab\u00a0Th\u00e9\u00e2tre d&rsquo;entreprise\u00a0\u00bb<\/span><\/a><\/p>\n","protected":false},"author":1,"featured_media":0,"parent":0,"menu_order":3,"comment_status":"closed","ping_status":"closed","template":"","meta":{"footnotes":""},"class_list":["post-6","page","type-page","status-publish","hentry"],"yoast_head":"<!-- This site is optimized with the Yoast SEO plugin v27.4 - https:\/\/yoast.com\/product\/yoast-seo-wordpress\/ -->\n<title>Th\u00e9\u00e2tre d&#039;entreprise - Formation en communication orale<\/title>\n<meta name=\"robots\" content=\"index, follow, max-snippet:-1, max-image-preview:large, max-video-preview:-1\" \/>\n<link rel=\"canonical\" href=\"https:\/\/saaj.fr\/?page_id=6\" \/>\n<meta property=\"og:locale\" content=\"fr_FR\" \/>\n<meta property=\"og:type\" content=\"article\" \/>\n<meta property=\"og:title\" content=\"Th\u00e9\u00e2tre d&#039;entreprise - Formation en communication orale\" \/>\n<meta property=\"og:description\" content=\"L\u2019humour et le th\u00e9\u00e2tre am\u00e8nent une distanciation qui permet de faire passer des messages forts.SAAJ vous cr\u00e9e un sc\u00e9nario sur mesure, p\u00e9dagogique et ludique, adapt\u00e9 \u00e0 votre contexte professionnel.Dans quel but\u00a0 ?Renforcer la coh\u00e9sion, cr\u00e9er une \u00e9mulation, f\u00e9d\u00e9rer vos \u00e9quipesTransmettre des messages, r\u00e9pondre \u00e0 une probl\u00e9matique m\u00e9tierSusciter l&rsquo;adh\u00e9sion, permettre une prise de conscienceFavoriser des changements, &hellip; Lire la suite de\u00ab\u00a0Th\u00e9\u00e2tre d&rsquo;entreprise\u00a0\u00bb\" \/>\n<meta property=\"og:url\" content=\"https:\/\/saaj.fr\/?page_id=6\" \/>\n<meta property=\"og:site_name\" content=\"Formation en communication orale\" \/>\n<meta property=\"article:modified_time\" content=\"2023-04-26T15:12:21+00:00\" \/>\n<meta property=\"og:image\" content=\"https:\/\/saaj.fr\/wp-content\/uploads\/2022\/01\/character-430539-2000x1333.jpg\" \/>\n<meta name=\"twitter:card\" content=\"summary_large_image\" \/>\n<meta name=\"twitter:label1\" content=\"Dur\u00e9e de lecture estim\u00e9e\" \/>\n\t<meta name=\"twitter:data1\" content=\"3 minutes\" \/>\n<script type=\"application\/ld+json\" class=\"yoast-schema-graph\">{\"@context\":\"https:\\\/\\\/schema.org\",\"@graph\":[{\"@type\":\"WebPage\",\"@id\":\"https:\\\/\\\/saaj.fr\\\/?page_id=6\",\"url\":\"https:\\\/\\\/saaj.fr\\\/?page_id=6\",\"name\":\"Th\u00e9\u00e2tre d'entreprise - Formation en communication orale\",\"isPartOf\":{\"@id\":\"https:\\\/\\\/saaj.fr\\\/#website\"},\"primaryImageOfPage\":{\"@id\":\"https:\\\/\\\/saaj.fr\\\/?page_id=6#primaryimage\"},\"image\":{\"@id\":\"https:\\\/\\\/saaj.fr\\\/?page_id=6#primaryimage\"},\"thumbnailUrl\":\"https:\\\/\\\/saaj.fr\\\/wp-content\\\/uploads\\\/2022\\\/01\\\/character-430539-2000x1333.jpg\",\"datePublished\":\"2011-04-27T07:51:36+00:00\",\"dateModified\":\"2023-04-26T15:12:21+00:00\",\"breadcrumb\":{\"@id\":\"https:\\\/\\\/saaj.fr\\\/?page_id=6#breadcrumb\"},\"inLanguage\":\"fr-FR\",\"potentialAction\":[{\"@type\":\"ReadAction\",\"target\":[\"https:\\\/\\\/saaj.fr\\\/?page_id=6\"]}]},{\"@type\":\"ImageObject\",\"inLanguage\":\"fr-FR\",\"@id\":\"https:\\\/\\\/saaj.fr\\\/?page_id=6#primaryimage\",\"url\":\"https:\\\/\\\/saaj.fr\\\/wp-content\\\/uploads\\\/2022\\\/01\\\/character-430539-scaled.jpg\",\"contentUrl\":\"https:\\\/\\\/saaj.fr\\\/wp-content\\\/uploads\\\/2022\\\/01\\\/character-430539-scaled.jpg\",\"width\":2560,\"height\":1707},{\"@type\":\"BreadcrumbList\",\"@id\":\"https:\\\/\\\/saaj.fr\\\/?page_id=6#breadcrumb\",\"itemListElement\":[{\"@type\":\"ListItem\",\"position\":1,\"name\":\"Accueil\",\"item\":\"https:\\\/\\\/saaj.fr\\\/\"},{\"@type\":\"ListItem\",\"position\":2,\"name\":\"Th\u00e9\u00e2tre d&rsquo;entreprise\"}]},{\"@type\":\"WebSite\",\"@id\":\"https:\\\/\\\/saaj.fr\\\/#website\",\"url\":\"https:\\\/\\\/saaj.fr\\\/\",\"name\":\"SAAJ\",\"description\":\"La communication orale \u00e0 la port\u00e9e de chacun\",\"potentialAction\":[{\"@type\":\"SearchAction\",\"target\":{\"@type\":\"EntryPoint\",\"urlTemplate\":\"https:\\\/\\\/saaj.fr\\\/?s={search_term_string}\"},\"query-input\":{\"@type\":\"PropertyValueSpecification\",\"valueRequired\":true,\"valueName\":\"search_term_string\"}}],\"inLanguage\":\"fr-FR\"}]}<\/script>\n<!-- \/ Yoast SEO plugin. -->","yoast_head_json":{"title":"Th\u00e9\u00e2tre d'entreprise - Formation en communication orale","robots":{"index":"index","follow":"follow","max-snippet":"max-snippet:-1","max-image-preview":"max-image-preview:large","max-video-preview":"max-video-preview:-1"},"canonical":"https:\/\/saaj.fr\/?page_id=6","og_locale":"fr_FR","og_type":"article","og_title":"Th\u00e9\u00e2tre d'entreprise - Formation en communication orale","og_description":"L\u2019humour et le th\u00e9\u00e2tre am\u00e8nent une distanciation qui permet de faire passer des messages forts.SAAJ vous cr\u00e9e un sc\u00e9nario sur mesure, p\u00e9dagogique et ludique, adapt\u00e9 \u00e0 votre contexte professionnel.Dans quel but\u00a0 ?Renforcer la coh\u00e9sion, cr\u00e9er une \u00e9mulation, f\u00e9d\u00e9rer vos \u00e9quipesTransmettre des messages, r\u00e9pondre \u00e0 une probl\u00e9matique m\u00e9tierSusciter l&rsquo;adh\u00e9sion, permettre une prise de conscienceFavoriser des changements, &hellip; Lire la suite de\u00ab\u00a0Th\u00e9\u00e2tre d&rsquo;entreprise\u00a0\u00bb","og_url":"https:\/\/saaj.fr\/?page_id=6","og_site_name":"Formation en communication orale","article_modified_time":"2023-04-26T15:12:21+00:00","og_image":[{"url":"https:\/\/saaj.fr\/wp-content\/uploads\/2022\/01\/character-430539-2000x1333.jpg","type":"","width":"","height":""}],"twitter_card":"summary_large_image","twitter_misc":{"Dur\u00e9e de lecture estim\u00e9e":"3 minutes"},"schema":{"@context":"https:\/\/schema.org","@graph":[{"@type":"WebPage","@id":"https:\/\/saaj.fr\/?page_id=6","url":"https:\/\/saaj.fr\/?page_id=6","name":"Th\u00e9\u00e2tre d'entreprise - Formation en communication orale","isPartOf":{"@id":"https:\/\/saaj.fr\/#website"},"primaryImageOfPage":{"@id":"https:\/\/saaj.fr\/?page_id=6#primaryimage"},"image":{"@id":"https:\/\/saaj.fr\/?page_id=6#primaryimage"},"thumbnailUrl":"https:\/\/saaj.fr\/wp-content\/uploads\/2022\/01\/character-430539-2000x1333.jpg","datePublished":"2011-04-27T07:51:36+00:00","dateModified":"2023-04-26T15:12:21+00:00","breadcrumb":{"@id":"https:\/\/saaj.fr\/?page_id=6#breadcrumb"},"inLanguage":"fr-FR","potentialAction":[{"@type":"ReadAction","target":["https:\/\/saaj.fr\/?page_id=6"]}]},{"@type":"ImageObject","inLanguage":"fr-FR","@id":"https:\/\/saaj.fr\/?page_id=6#primaryimage","url":"https:\/\/saaj.fr\/wp-content\/uploads\/2022\/01\/character-430539-scaled.jpg","contentUrl":"https:\/\/saaj.fr\/wp-content\/uploads\/2022\/01\/character-430539-scaled.jpg","width":2560,"height":1707},{"@type":"BreadcrumbList","@id":"https:\/\/saaj.fr\/?page_id=6#breadcrumb","itemListElement":[{"@type":"ListItem","position":1,"name":"Accueil","item":"https:\/\/saaj.fr\/"},{"@type":"ListItem","position":2,"name":"Th\u00e9\u00e2tre d&rsquo;entreprise"}]},{"@type":"WebSite","@id":"https:\/\/saaj.fr\/#website","url":"https:\/\/saaj.fr\/","name":"SAAJ","description":"La communication orale \u00e0 la port\u00e9e de chacun","potentialAction":[{"@type":"SearchAction","target":{"@type":"EntryPoint","urlTemplate":"https:\/\/saaj.fr\/?s={search_term_string}"},"query-input":{"@type":"PropertyValueSpecification","valueRequired":true,"valueName":"search_term_string"}}],"inLanguage":"fr-FR"}]}},"featured_media_urls":[],"_links":{"self":[{"href":"https:\/\/saaj.fr\/index.php?rest_route=\/wp\/v2\/pages\/6","targetHints":{"allow":["GET"]}}],"collection":[{"href":"https:\/\/saaj.fr\/index.php?rest_route=\/wp\/v2\/pages"}],"about":[{"href":"https:\/\/saaj.fr\/index.php?rest_route=\/wp\/v2\/types\/page"}],"author":[{"embeddable":true,"href":"https:\/\/saaj.fr\/index.php?rest_route=\/wp\/v2\/users\/1"}],"replies":[{"embeddable":true,"href":"https:\/\/saaj.fr\/index.php?rest_route=%2Fwp%2Fv2%2Fcomments&post=6"}],"version-history":[{"count":49,"href":"https:\/\/saaj.fr\/index.php?rest_route=\/wp\/v2\/pages\/6\/revisions"}],"predecessor-version":[{"id":534,"href":"https:\/\/saaj.fr\/index.php?rest_route=\/wp\/v2\/pages\/6\/revisions\/534"}],"wp:attachment":[{"href":"https:\/\/saaj.fr\/index.php?rest_route=%2Fwp%2Fv2%2Fmedia&parent=6"}],"curies":[{"name":"wp","href":"https:\/\/api.w.org\/{rel}","templated":true}]}}