{"id":64,"date":"2011-05-13T12:56:28","date_gmt":"2011-05-13T12:56:28","guid":{"rendered":"http:\/\/saaj.fr\/?page_id=64"},"modified":"2022-01-06T08:57:51","modified_gmt":"2022-01-06T08:57:51","slug":"qui-est-saaj","status":"publish","type":"page","link":"https:\/\/saaj.fr\/?page_id=64","title":{"rendered":"Qui est SAAJ ?"},"content":{"rendered":"\t\t<div data-elementor-type=\"wp-page\" data-elementor-id=\"64\" class=\"elementor elementor-64\">\n\t\t\t\t\t\t<section class=\"elementor-section elementor-top-section elementor-element elementor-element-48eb5201 elementor-section-boxed elementor-section-height-default elementor-section-height-default\" data-id=\"48eb5201\" data-element_type=\"section\" data-e-type=\"section\">\n\t\t\t\t\t\t<div class=\"elementor-container elementor-column-gap-default\">\n\t\t\t\t\t<div class=\"elementor-column elementor-col-100 elementor-top-column elementor-element elementor-element-2e2d0121\" data-id=\"2e2d0121\" data-element_type=\"column\" data-e-type=\"column\">\n\t\t\t<div class=\"elementor-widget-wrap elementor-element-populated\">\n\t\t\t\t\t\t<div class=\"elementor-element elementor-element-64806992 elementor-widget elementor-widget-text-editor\" data-id=\"64806992\" data-element_type=\"widget\" data-e-type=\"widget\" data-widget_type=\"text-editor.default\">\n\t\t\t\t<div class=\"elementor-widget-container\">\n\t\t\t\t\t\t\t\t\t<p style=\"text-align: justify;\"><a href=\"https:\/\/saaj.fr\/wp-content\/uploads\/2022\/01\/ssaj-scaled-e1641459238822.jpg\"><img decoding=\"async\" class=\" wp-image-509 alignleft\" src=\"https:\/\/saaj.fr\/wp-content\/uploads\/2022\/01\/ssaj-scaled-e1641459238822.jpg\" alt=\"\" width=\"95\" height=\"138\" \/><\/a>SAAJ ou Susciter l&rsquo;Apprentissage par l&rsquo;Action et le Jeu, est un organisme de formation sp\u00e9cialis\u00e9 en communication orale et en th\u00e9\u00e2tre d&rsquo;entreprise.<br \/>Combiner l&rsquo;expertise professionnelle et th\u00e9\u00e2trale est sa singularit\u00e9.<\/p><p style=\"text-align: justify;\">SAAJ a \u00e9t\u00e9 cr\u00e9\u00e9 par Julien Basti\u00e8re, formateur au double parcours. <a href=\"https:\/\/saaj.fr\/wp-content\/uploads\/2015\/01\/SAAJ.pdf\" target=\"_blank\" rel=\"noopener\">&gt;&gt;&gt; En savoir plus<\/a><\/p><p><strong>R\u00e9f\u00e9rences<\/strong> : Danone, Soci\u00e9t\u00e9 G\u00e9n\u00e9rale, Schindler, RATP, Leroy Merlin, Optic 2000, Keolis, Orange, Accenture, Assembl\u00e9e permanente des chambres de m\u00e9tiers, Chambres des m\u00e9tiers et de l&rsquo;artisanat, Chassis Brakes, Les Saprophytes, MNRA, Universit\u00e9 Paris I &#8211; Panth\u00e9on &#8211; Sorbonne, ISCOM, EBS.<\/p>\t\t\t\t\t\t\t\t<\/div>\n\t\t\t\t<\/div>\n\t\t\t\t\t<\/div>\n\t\t<\/div>\n\t\t\t\t\t<\/div>\n\t\t<\/section>\n\t\t\t\t<\/div>\n\t\t","protected":false},"excerpt":{"rendered":"<p>SAAJ ou Susciter l&rsquo;Apprentissage par l&rsquo;Action et le Jeu, est un organisme de formation sp\u00e9cialis\u00e9 en communication orale et en th\u00e9\u00e2tre d&rsquo;entreprise.Combiner l&rsquo;expertise professionnelle et th\u00e9\u00e2trale est sa singularit\u00e9. SAAJ a \u00e9t\u00e9 cr\u00e9\u00e9 par Julien Basti\u00e8re, formateur au double parcours. &gt;&gt;&gt; En savoir plus R\u00e9f\u00e9rences : Danone, Soci\u00e9t\u00e9 G\u00e9n\u00e9rale, Schindler, RATP, Leroy Merlin, Optic 2000, &hellip; <\/p>\n<p class=\"link-more\"><a href=\"https:\/\/saaj.fr\/?page_id=64\" class=\"more-link\">Lire la suite de<span class=\"screen-reader-text\">\u00ab\u00a0Qui est SAAJ ?\u00a0\u00bb<\/span><\/a><\/p>\n","protected":false},"author":1,"featured_media":0,"parent":0,"menu_order":0,"comment_status":"closed","ping_status":"closed","template":"","meta":{"inspiro_hide_title":false,"footnotes":""},"class_list":["post-64","page","type-page","status-publish","hentry"],"yoast_head":"<!-- This site is optimized with the Yoast SEO plugin v27.5 - https:\/\/yoast.com\/product\/yoast-seo-wordpress\/ -->\n<title>Qui est SAAJ ? - Formation en communication orale<\/title>\n<meta name=\"robots\" content=\"index, follow, max-snippet:-1, max-image-preview:large, max-video-preview:-1\" \/>\n<link rel=\"canonical\" href=\"https:\/\/saaj.fr\/?page_id=64\" \/>\n<meta property=\"og:locale\" content=\"fr_FR\" \/>\n<meta property=\"og:type\" content=\"article\" \/>\n<meta property=\"og:title\" content=\"Qui est SAAJ ? - Formation en communication orale\" \/>\n<meta property=\"og:description\" content=\"SAAJ ou Susciter l&rsquo;Apprentissage par l&rsquo;Action et le Jeu, est un organisme de formation sp\u00e9cialis\u00e9 en communication orale et en th\u00e9\u00e2tre d&rsquo;entreprise.Combiner l&rsquo;expertise professionnelle et th\u00e9\u00e2trale est sa singularit\u00e9. SAAJ a \u00e9t\u00e9 cr\u00e9\u00e9 par Julien Basti\u00e8re, formateur au double parcours. &gt;&gt;&gt; En savoir plus R\u00e9f\u00e9rences : Danone, Soci\u00e9t\u00e9 G\u00e9n\u00e9rale, Schindler, RATP, Leroy Merlin, Optic 2000, &hellip; Lire la suite de\u00ab\u00a0Qui est SAAJ ?\u00a0\u00bb\" \/>\n<meta property=\"og:url\" content=\"https:\/\/saaj.fr\/?page_id=64\" \/>\n<meta property=\"og:site_name\" content=\"Formation en communication orale\" \/>\n<meta property=\"article:modified_time\" content=\"2022-01-06T08:57:51+00:00\" \/>\n<meta property=\"og:image\" content=\"https:\/\/saaj.fr\/wp-content\/uploads\/2022\/01\/ssaj-scaled-e1641459238822.jpg\" \/>\n<meta name=\"twitter:card\" content=\"summary_large_image\" \/>\n<meta name=\"twitter:label1\" content=\"Dur\u00e9e de lecture estim\u00e9e\" \/>\n\t<meta name=\"twitter:data1\" content=\"1 minute\" \/>\n<script type=\"application\/ld+json\" class=\"yoast-schema-graph\">{\"@context\":\"https:\\\/\\\/schema.org\",\"@graph\":[{\"@type\":\"WebPage\",\"@id\":\"https:\\\/\\\/saaj.fr\\\/?page_id=64\",\"url\":\"https:\\\/\\\/saaj.fr\\\/?page_id=64\",\"name\":\"Qui est SAAJ ? - Formation en communication orale\",\"isPartOf\":{\"@id\":\"https:\\\/\\\/saaj.fr\\\/#website\"},\"primaryImageOfPage\":{\"@id\":\"https:\\\/\\\/saaj.fr\\\/?page_id=64#primaryimage\"},\"image\":{\"@id\":\"https:\\\/\\\/saaj.fr\\\/?page_id=64#primaryimage\"},\"thumbnailUrl\":\"https:\\\/\\\/saaj.fr\\\/wp-content\\\/uploads\\\/2022\\\/01\\\/ssaj-scaled-e1641459238822.jpg\",\"datePublished\":\"2011-05-13T12:56:28+00:00\",\"dateModified\":\"2022-01-06T08:57:51+00:00\",\"breadcrumb\":{\"@id\":\"https:\\\/\\\/saaj.fr\\\/?page_id=64#breadcrumb\"},\"inLanguage\":\"fr-FR\",\"potentialAction\":[{\"@type\":\"ReadAction\",\"target\":[\"https:\\\/\\\/saaj.fr\\\/?page_id=64\"]}]},{\"@type\":\"ImageObject\",\"inLanguage\":\"fr-FR\",\"@id\":\"https:\\\/\\\/saaj.fr\\\/?page_id=64#primaryimage\",\"url\":\"https:\\\/\\\/saaj.fr\\\/wp-content\\\/uploads\\\/2022\\\/01\\\/ssaj-scaled-e1641459238822.jpg\",\"contentUrl\":\"https:\\\/\\\/saaj.fr\\\/wp-content\\\/uploads\\\/2022\\\/01\\\/ssaj-scaled-e1641459238822.jpg\"},{\"@type\":\"BreadcrumbList\",\"@id\":\"https:\\\/\\\/saaj.fr\\\/?page_id=64#breadcrumb\",\"itemListElement\":[{\"@type\":\"ListItem\",\"position\":1,\"name\":\"Accueil\",\"item\":\"https:\\\/\\\/saaj.fr\\\/\"},{\"@type\":\"ListItem\",\"position\":2,\"name\":\"Qui est SAAJ ?\"}]},{\"@type\":\"WebSite\",\"@id\":\"https:\\\/\\\/saaj.fr\\\/#website\",\"url\":\"https:\\\/\\\/saaj.fr\\\/\",\"name\":\"SAAJ\",\"description\":\"La communication orale \u00e0 la port\u00e9e de chacun\",\"potentialAction\":[{\"@type\":\"SearchAction\",\"target\":{\"@type\":\"EntryPoint\",\"urlTemplate\":\"https:\\\/\\\/saaj.fr\\\/?s={search_term_string}\"},\"query-input\":{\"@type\":\"PropertyValueSpecification\",\"valueRequired\":true,\"valueName\":\"search_term_string\"}}],\"inLanguage\":\"fr-FR\"}]}<\/script>\n<!-- \/ Yoast SEO plugin. -->","yoast_head_json":{"title":"Qui est SAAJ ? - Formation en communication orale","robots":{"index":"index","follow":"follow","max-snippet":"max-snippet:-1","max-image-preview":"max-image-preview:large","max-video-preview":"max-video-preview:-1"},"canonical":"https:\/\/saaj.fr\/?page_id=64","og_locale":"fr_FR","og_type":"article","og_title":"Qui est SAAJ ? - Formation en communication orale","og_description":"SAAJ ou Susciter l&rsquo;Apprentissage par l&rsquo;Action et le Jeu, est un organisme de formation sp\u00e9cialis\u00e9 en communication orale et en th\u00e9\u00e2tre d&rsquo;entreprise.Combiner l&rsquo;expertise professionnelle et th\u00e9\u00e2trale est sa singularit\u00e9. SAAJ a \u00e9t\u00e9 cr\u00e9\u00e9 par Julien Basti\u00e8re, formateur au double parcours. &gt;&gt;&gt; En savoir plus R\u00e9f\u00e9rences : Danone, Soci\u00e9t\u00e9 G\u00e9n\u00e9rale, Schindler, RATP, Leroy Merlin, Optic 2000, &hellip; Lire la suite de\u00ab\u00a0Qui est SAAJ ?\u00a0\u00bb","og_url":"https:\/\/saaj.fr\/?page_id=64","og_site_name":"Formation en communication orale","article_modified_time":"2022-01-06T08:57:51+00:00","og_image":[{"url":"https:\/\/saaj.fr\/wp-content\/uploads\/2022\/01\/ssaj-scaled-e1641459238822.jpg","type":"","width":"","height":""}],"twitter_card":"summary_large_image","twitter_misc":{"Dur\u00e9e de lecture estim\u00e9e":"1 minute"},"schema":{"@context":"https:\/\/schema.org","@graph":[{"@type":"WebPage","@id":"https:\/\/saaj.fr\/?page_id=64","url":"https:\/\/saaj.fr\/?page_id=64","name":"Qui est SAAJ ? - Formation en communication orale","isPartOf":{"@id":"https:\/\/saaj.fr\/#website"},"primaryImageOfPage":{"@id":"https:\/\/saaj.fr\/?page_id=64#primaryimage"},"image":{"@id":"https:\/\/saaj.fr\/?page_id=64#primaryimage"},"thumbnailUrl":"https:\/\/saaj.fr\/wp-content\/uploads\/2022\/01\/ssaj-scaled-e1641459238822.jpg","datePublished":"2011-05-13T12:56:28+00:00","dateModified":"2022-01-06T08:57:51+00:00","breadcrumb":{"@id":"https:\/\/saaj.fr\/?page_id=64#breadcrumb"},"inLanguage":"fr-FR","potentialAction":[{"@type":"ReadAction","target":["https:\/\/saaj.fr\/?page_id=64"]}]},{"@type":"ImageObject","inLanguage":"fr-FR","@id":"https:\/\/saaj.fr\/?page_id=64#primaryimage","url":"https:\/\/saaj.fr\/wp-content\/uploads\/2022\/01\/ssaj-scaled-e1641459238822.jpg","contentUrl":"https:\/\/saaj.fr\/wp-content\/uploads\/2022\/01\/ssaj-scaled-e1641459238822.jpg"},{"@type":"BreadcrumbList","@id":"https:\/\/saaj.fr\/?page_id=64#breadcrumb","itemListElement":[{"@type":"ListItem","position":1,"name":"Accueil","item":"https:\/\/saaj.fr\/"},{"@type":"ListItem","position":2,"name":"Qui est SAAJ ?"}]},{"@type":"WebSite","@id":"https:\/\/saaj.fr\/#website","url":"https:\/\/saaj.fr\/","name":"SAAJ","description":"La communication orale \u00e0 la port\u00e9e de chacun","potentialAction":[{"@type":"SearchAction","target":{"@type":"EntryPoint","urlTemplate":"https:\/\/saaj.fr\/?s={search_term_string}"},"query-input":{"@type":"PropertyValueSpecification","valueRequired":true,"valueName":"search_term_string"}}],"inLanguage":"fr-FR"}]}},"_links":{"self":[{"href":"https:\/\/saaj.fr\/index.php?rest_route=\/wp\/v2\/pages\/64","targetHints":{"allow":["GET"]}}],"collection":[{"href":"https:\/\/saaj.fr\/index.php?rest_route=\/wp\/v2\/pages"}],"about":[{"href":"https:\/\/saaj.fr\/index.php?rest_route=\/wp\/v2\/types\/page"}],"author":[{"embeddable":true,"href":"https:\/\/saaj.fr\/index.php?rest_route=\/wp\/v2\/users\/1"}],"replies":[{"embeddable":true,"href":"https:\/\/saaj.fr\/index.php?rest_route=%2Fwp%2Fv2%2Fcomments&post=64"}],"version-history":[{"count":63,"href":"https:\/\/saaj.fr\/index.php?rest_route=\/wp\/v2\/pages\/64\/revisions"}],"predecessor-version":[{"id":512,"href":"https:\/\/saaj.fr\/index.php?rest_route=\/wp\/v2\/pages\/64\/revisions\/512"}],"wp:attachment":[{"href":"https:\/\/saaj.fr\/index.php?rest_route=%2Fwp%2Fv2%2Fmedia&parent=64"}],"curies":[{"name":"wp","href":"https:\/\/api.w.org\/{rel}","templated":true}]}}