{"id":67,"date":"2011-05-13T12:57:18","date_gmt":"2011-05-13T12:57:18","guid":{"rendered":"http:\/\/saaj.fr\/?page_id=67"},"modified":"2022-01-06T08:40:25","modified_gmt":"2022-01-06T08:40:25","slug":"formation-2","status":"publish","type":"page","link":"https:\/\/saaj.fr\/?page_id=67","title":{"rendered":"Formations"},"content":{"rendered":"\t\t<div data-elementor-type=\"wp-page\" data-elementor-id=\"67\" class=\"elementor elementor-67\">\n\t\t\t\t\t\t<section class=\"elementor-section elementor-top-section elementor-element elementor-element-70d26a96 elementor-section-boxed elementor-section-height-default elementor-section-height-default\" data-id=\"70d26a96\" data-element_type=\"section\">\n\t\t\t\t\t\t<div class=\"elementor-container elementor-column-gap-default\">\n\t\t\t\t\t<div class=\"elementor-column elementor-col-100 elementor-top-column elementor-element elementor-element-2df9f12d\" data-id=\"2df9f12d\" data-element_type=\"column\">\n\t\t\t<div class=\"elementor-widget-wrap elementor-element-populated\">\n\t\t\t\t\t\t<div class=\"elementor-element elementor-element-57eeef7 elementor-widget elementor-widget-image\" data-id=\"57eeef7\" data-element_type=\"widget\" data-widget_type=\"image.default\">\n\t\t\t\t<div class=\"elementor-widget-container\">\n\t\t\t\t\t\t\t\t\t\t\t\t\t\t\t<img fetchpriority=\"high\" decoding=\"async\" width=\"950\" height=\"534\" src=\"https:\/\/saaj.fr\/wp-content\/uploads\/2022\/01\/pexels-fauxels-3182823-2-1024x576.jpg\" class=\"attachment-large size-large wp-image-443\" alt=\"\" srcset=\"https:\/\/saaj.fr\/wp-content\/uploads\/2022\/01\/pexels-fauxels-3182823-2-1024x576.jpg 1024w, https:\/\/saaj.fr\/wp-content\/uploads\/2022\/01\/pexels-fauxels-3182823-2-300x169.jpg 300w, https:\/\/saaj.fr\/wp-content\/uploads\/2022\/01\/pexels-fauxels-3182823-2-768x432.jpg 768w, https:\/\/saaj.fr\/wp-content\/uploads\/2022\/01\/pexels-fauxels-3182823-2-1536x864.jpg 1536w, https:\/\/saaj.fr\/wp-content\/uploads\/2022\/01\/pexels-fauxels-3182823-2.jpg 2000w\" sizes=\"100vw\" \/>\t\t\t\t\t\t\t\t\t\t\t\t\t\t\t<\/div>\n\t\t\t\t<\/div>\n\t\t\t\t<div class=\"elementor-element elementor-element-34b2b505 elementor-widget elementor-widget-text-editor\" data-id=\"34b2b505\" data-element_type=\"widget\" data-widget_type=\"text-editor.default\">\n\t\t\t\t<div class=\"elementor-widget-container\">\n\t\t\t\t\t\t\t\t\t<p><strong>SAAJ cr\u00e9e des formations sur mesure avec une approche op\u00e9rationnelle dans tous les domaines de la communication orale :<\/strong><\/p>\n<p><strong>Pour qui ?<\/strong><br>Pour toute personne confront\u00e9e \u00e0 des situations de communication orale : en r\u00e9union, entretien, s\u00e9minaire, table ronde, interview, conf\u00e9rence de presse, briefing, discours, pr\u00e9sentation\u2026<\/p>\n<p><strong>Comment ?<\/strong><br>En formation collective&nbsp;: intra\/inter-entreprises<br>En accompagnement individuel<br><strong><br>Pour quel(s) objectif(s) ?<\/strong><br>Ma\u00eetriser les fondamentaux de la prise de parole en public<br>Pr\u00e9parer une intervention orale strat\u00e9gique<br>Perfectionner vos discours : d\u00e9fendre, convaincre, improviser<br>Pr\u00e9parer et conduire une r\u00e9union<br>Affirmer votre personnalit\u00e9 : gagner en assurance avec les techniques vocales et th\u00e9\u00e2trales<br>Contr\u00f4ler votre stress et vos \u00e9motions<\/p>\n<p><strong>Avec quelles m\u00e9thodes ?<\/strong><br>SAAJ privil\u00e9gie les m\u00e9thodes actives.<br>Mis au c\u0153ur de l\u2019action, le participant devient acteur de ses apprentissages.<br>Nos formations s&rsquo;appuient sur un travail participatif et pragmatique : mises en situation, utilisation de la vid\u00e9o, exercices pratiques, techniques issues du travail de l\u2019acteur, analyses, apports th\u00e9oriques.<\/p>\n<p><a title=\"Contact\" href=\"https:\/\/saaj.fr\/?page_id=13\">&gt;&gt;&gt; Contactez SAAJ<\/a><\/p>\t\t\t\t\t\t\t\t<\/div>\n\t\t\t\t<\/div>\n\t\t\t\t\t<\/div>\n\t\t<\/div>\n\t\t\t\t\t<\/div>\n\t\t<\/section>\n\t\t\t\t<\/div>\n\t\t","protected":false},"excerpt":{"rendered":"<p>SAAJ cr\u00e9e des formations sur mesure avec une approche op\u00e9rationnelle dans tous les domaines de la communication orale : Pour qui ?Pour toute personne confront\u00e9e \u00e0 des situations de communication orale : en r\u00e9union, entretien, s\u00e9minaire, table ronde, interview, conf\u00e9rence de presse, briefing, discours, pr\u00e9sentation\u2026 Comment ?En formation collective&nbsp;: intra\/inter-entreprisesEn accompagnement individuelPour quel(s) objectif(s) ?Ma\u00eetriser &hellip; <\/p>\n<p class=\"link-more\"><a href=\"https:\/\/saaj.fr\/?page_id=67\" class=\"more-link\">Lire la suite de<span class=\"screen-reader-text\">\u00ab\u00a0Formations\u00a0\u00bb<\/span><\/a><\/p>\n","protected":false},"author":1,"featured_media":0,"parent":0,"menu_order":1,"comment_status":"closed","ping_status":"closed","template":"","meta":{"footnotes":""},"class_list":["post-67","page","type-page","status-publish","hentry"],"yoast_head":"<!-- This site is optimized with the Yoast SEO plugin v27.4 - https:\/\/yoast.com\/product\/yoast-seo-wordpress\/ -->\n<title>Formations - Formation en communication orale<\/title>\n<meta name=\"robots\" content=\"index, follow, max-snippet:-1, max-image-preview:large, max-video-preview:-1\" \/>\n<link rel=\"canonical\" href=\"https:\/\/saaj.fr\/?page_id=67\" \/>\n<meta property=\"og:locale\" content=\"fr_FR\" \/>\n<meta property=\"og:type\" content=\"article\" \/>\n<meta property=\"og:title\" content=\"Formations - Formation en communication orale\" \/>\n<meta property=\"og:description\" content=\"SAAJ cr\u00e9e des formations sur mesure avec une approche op\u00e9rationnelle dans tous les domaines de la communication orale : Pour qui ?Pour toute personne confront\u00e9e \u00e0 des situations de communication orale : en r\u00e9union, entretien, s\u00e9minaire, table ronde, interview, conf\u00e9rence de presse, briefing, discours, pr\u00e9sentation\u2026 Comment ?En formation collective&nbsp;: intra\/inter-entreprisesEn accompagnement individuelPour quel(s) objectif(s) ?Ma\u00eetriser &hellip; Lire la suite de\u00ab\u00a0Formations\u00a0\u00bb\" \/>\n<meta property=\"og:url\" content=\"https:\/\/saaj.fr\/?page_id=67\" \/>\n<meta property=\"og:site_name\" content=\"Formation en communication orale\" \/>\n<meta property=\"article:modified_time\" content=\"2022-01-06T08:40:25+00:00\" \/>\n<meta property=\"og:image\" content=\"https:\/\/saaj.fr\/wp-content\/uploads\/2022\/01\/pexels-fauxels-3182823-2-1024x576.jpg\" \/>\n<meta name=\"twitter:card\" content=\"summary_large_image\" \/>\n<meta name=\"twitter:label1\" content=\"Dur\u00e9e de lecture estim\u00e9e\" \/>\n\t<meta name=\"twitter:data1\" content=\"1 minute\" \/>\n<script type=\"application\/ld+json\" class=\"yoast-schema-graph\">{\"@context\":\"https:\\\/\\\/schema.org\",\"@graph\":[{\"@type\":\"WebPage\",\"@id\":\"https:\\\/\\\/saaj.fr\\\/?page_id=67\",\"url\":\"https:\\\/\\\/saaj.fr\\\/?page_id=67\",\"name\":\"Formations - Formation en communication orale\",\"isPartOf\":{\"@id\":\"https:\\\/\\\/saaj.fr\\\/#website\"},\"primaryImageOfPage\":{\"@id\":\"https:\\\/\\\/saaj.fr\\\/?page_id=67#primaryimage\"},\"image\":{\"@id\":\"https:\\\/\\\/saaj.fr\\\/?page_id=67#primaryimage\"},\"thumbnailUrl\":\"https:\\\/\\\/saaj.fr\\\/wp-content\\\/uploads\\\/2022\\\/01\\\/pexels-fauxels-3182823-2-1024x576.jpg\",\"datePublished\":\"2011-05-13T12:57:18+00:00\",\"dateModified\":\"2022-01-06T08:40:25+00:00\",\"breadcrumb\":{\"@id\":\"https:\\\/\\\/saaj.fr\\\/?page_id=67#breadcrumb\"},\"inLanguage\":\"fr-FR\",\"potentialAction\":[{\"@type\":\"ReadAction\",\"target\":[\"https:\\\/\\\/saaj.fr\\\/?page_id=67\"]}]},{\"@type\":\"ImageObject\",\"inLanguage\":\"fr-FR\",\"@id\":\"https:\\\/\\\/saaj.fr\\\/?page_id=67#primaryimage\",\"url\":\"https:\\\/\\\/saaj.fr\\\/wp-content\\\/uploads\\\/2022\\\/01\\\/pexels-fauxels-3182823-2.jpg\",\"contentUrl\":\"https:\\\/\\\/saaj.fr\\\/wp-content\\\/uploads\\\/2022\\\/01\\\/pexels-fauxels-3182823-2.jpg\",\"width\":2000,\"height\":1125},{\"@type\":\"BreadcrumbList\",\"@id\":\"https:\\\/\\\/saaj.fr\\\/?page_id=67#breadcrumb\",\"itemListElement\":[{\"@type\":\"ListItem\",\"position\":1,\"name\":\"Accueil\",\"item\":\"https:\\\/\\\/saaj.fr\\\/\"},{\"@type\":\"ListItem\",\"position\":2,\"name\":\"Formations\"}]},{\"@type\":\"WebSite\",\"@id\":\"https:\\\/\\\/saaj.fr\\\/#website\",\"url\":\"https:\\\/\\\/saaj.fr\\\/\",\"name\":\"SAAJ\",\"description\":\"La communication orale \u00e0 la port\u00e9e de chacun\",\"potentialAction\":[{\"@type\":\"SearchAction\",\"target\":{\"@type\":\"EntryPoint\",\"urlTemplate\":\"https:\\\/\\\/saaj.fr\\\/?s={search_term_string}\"},\"query-input\":{\"@type\":\"PropertyValueSpecification\",\"valueRequired\":true,\"valueName\":\"search_term_string\"}}],\"inLanguage\":\"fr-FR\"}]}<\/script>\n<!-- \/ Yoast SEO plugin. -->","yoast_head_json":{"title":"Formations - Formation en communication orale","robots":{"index":"index","follow":"follow","max-snippet":"max-snippet:-1","max-image-preview":"max-image-preview:large","max-video-preview":"max-video-preview:-1"},"canonical":"https:\/\/saaj.fr\/?page_id=67","og_locale":"fr_FR","og_type":"article","og_title":"Formations - Formation en communication orale","og_description":"SAAJ cr\u00e9e des formations sur mesure avec une approche op\u00e9rationnelle dans tous les domaines de la communication orale : Pour qui ?Pour toute personne confront\u00e9e \u00e0 des situations de communication orale : en r\u00e9union, entretien, s\u00e9minaire, table ronde, interview, conf\u00e9rence de presse, briefing, discours, pr\u00e9sentation\u2026 Comment ?En formation collective&nbsp;: intra\/inter-entreprisesEn accompagnement individuelPour quel(s) objectif(s) ?Ma\u00eetriser &hellip; Lire la suite de\u00ab\u00a0Formations\u00a0\u00bb","og_url":"https:\/\/saaj.fr\/?page_id=67","og_site_name":"Formation en communication orale","article_modified_time":"2022-01-06T08:40:25+00:00","og_image":[{"url":"https:\/\/saaj.fr\/wp-content\/uploads\/2022\/01\/pexels-fauxels-3182823-2-1024x576.jpg","type":"","width":"","height":""}],"twitter_card":"summary_large_image","twitter_misc":{"Dur\u00e9e de lecture estim\u00e9e":"1 minute"},"schema":{"@context":"https:\/\/schema.org","@graph":[{"@type":"WebPage","@id":"https:\/\/saaj.fr\/?page_id=67","url":"https:\/\/saaj.fr\/?page_id=67","name":"Formations - Formation en communication orale","isPartOf":{"@id":"https:\/\/saaj.fr\/#website"},"primaryImageOfPage":{"@id":"https:\/\/saaj.fr\/?page_id=67#primaryimage"},"image":{"@id":"https:\/\/saaj.fr\/?page_id=67#primaryimage"},"thumbnailUrl":"https:\/\/saaj.fr\/wp-content\/uploads\/2022\/01\/pexels-fauxels-3182823-2-1024x576.jpg","datePublished":"2011-05-13T12:57:18+00:00","dateModified":"2022-01-06T08:40:25+00:00","breadcrumb":{"@id":"https:\/\/saaj.fr\/?page_id=67#breadcrumb"},"inLanguage":"fr-FR","potentialAction":[{"@type":"ReadAction","target":["https:\/\/saaj.fr\/?page_id=67"]}]},{"@type":"ImageObject","inLanguage":"fr-FR","@id":"https:\/\/saaj.fr\/?page_id=67#primaryimage","url":"https:\/\/saaj.fr\/wp-content\/uploads\/2022\/01\/pexels-fauxels-3182823-2.jpg","contentUrl":"https:\/\/saaj.fr\/wp-content\/uploads\/2022\/01\/pexels-fauxels-3182823-2.jpg","width":2000,"height":1125},{"@type":"BreadcrumbList","@id":"https:\/\/saaj.fr\/?page_id=67#breadcrumb","itemListElement":[{"@type":"ListItem","position":1,"name":"Accueil","item":"https:\/\/saaj.fr\/"},{"@type":"ListItem","position":2,"name":"Formations"}]},{"@type":"WebSite","@id":"https:\/\/saaj.fr\/#website","url":"https:\/\/saaj.fr\/","name":"SAAJ","description":"La communication orale \u00e0 la port\u00e9e de chacun","potentialAction":[{"@type":"SearchAction","target":{"@type":"EntryPoint","urlTemplate":"https:\/\/saaj.fr\/?s={search_term_string}"},"query-input":{"@type":"PropertyValueSpecification","valueRequired":true,"valueName":"search_term_string"}}],"inLanguage":"fr-FR"}]}},"featured_media_urls":[],"_links":{"self":[{"href":"https:\/\/saaj.fr\/index.php?rest_route=\/wp\/v2\/pages\/67","targetHints":{"allow":["GET"]}}],"collection":[{"href":"https:\/\/saaj.fr\/index.php?rest_route=\/wp\/v2\/pages"}],"about":[{"href":"https:\/\/saaj.fr\/index.php?rest_route=\/wp\/v2\/types\/page"}],"author":[{"embeddable":true,"href":"https:\/\/saaj.fr\/index.php?rest_route=\/wp\/v2\/users\/1"}],"replies":[{"embeddable":true,"href":"https:\/\/saaj.fr\/index.php?rest_route=%2Fwp%2Fv2%2Fcomments&post=67"}],"version-history":[{"count":74,"href":"https:\/\/saaj.fr\/index.php?rest_route=\/wp\/v2\/pages\/67\/revisions"}],"predecessor-version":[{"id":500,"href":"https:\/\/saaj.fr\/index.php?rest_route=\/wp\/v2\/pages\/67\/revisions\/500"}],"wp:attachment":[{"href":"https:\/\/saaj.fr\/index.php?rest_route=%2Fwp%2Fv2%2Fmedia&parent=67"}],"curies":[{"name":"wp","href":"https:\/\/api.w.org\/{rel}","templated":true}]}}